{"id":3842,"date":"2018-08-06T15:10:11","date_gmt":"2018-08-06T12:10:11","guid":{"rendered":"https:\/\/tervisemaja.ee\/?page_id=3842"},"modified":"2019-12-13T15:00:10","modified_gmt":"2019-12-13T12:00:10","slug":"ilukompass","status":"publish","type":"page","link":"https:\/\/tervisemaja.ee\/fi\/klinikat-ja-palvelut\/ilukompass\/","title":{"rendered":"KAUNEUSSALONKI ILUKOMPASS"},"content":{"rendered":"<p>Haluamme tarjota Ilukompassi salongin vierailijoille terapeuttisen uudestisyntymisen kokemuksen, jossa asiakas saa mukaansa paitsi uudistuneen ulkon\u00e4\u00f6n niin my\u00f6s sis\u00e4isen tasapainon.\u00a0Pitk\u00e4aikaisen kokemuksen omaavat ammattilaiset ovat t\u00e4ysin sitoutuneita ja hallitsevat yksil\u00f6llisen l\u00e4hestymistavan. Palvelumme kattaa kampaamopalvelut, kosmetologi-, manikyyri-, pedikyyri- ja hierontapalvelut.\u00a0Koska terveys on meille ensisijaisen t\u00e4rke\u00e4\u00e4 niin k\u00e4yt\u00e4mme ty\u00f6ss\u00e4mme korkealaatuisia sek\u00e4 arvostettuja tuotteita ja pyrimme tukemaan hyv\u00e4\u00e4 oloa my\u00f6s salongin seesteisell\u00e4 ymp\u00e4rist\u00f6ll\u00e4.\u00a0Ilukompass hoitola- Tie harmooniseen kauneuteen!<\/p>\n<p><a href=\"http:\/\/www.ilukompass.ee\/\"><span style=\"color: #0000ff;\">www.ilukompass.ee<\/span><\/a><\/p>\n<p>Avoinna:<br \/>\nMa-Pe 10.00-19.00<br \/>\nLa 10.00-17.00<\/p>\n<p>+372 5191 0816<br \/>\ninfo@ilukompass.ee<br \/>\nKotka Tervisemajan C-osasto<br \/>\nI kerros<\/p>\n","protected":false},"excerpt":{"rendered":"<p>Haluamme tarjota Ilukompassi salongin vierailijoille terapeuttisen uudestisyntymisen kokemuksen, jossa asiakas saa mukaansa paitsi uudistuneen ulkon\u00e4\u00f6n niin my\u00f6s sis\u00e4isen tasapainon.\u00a0Pitk\u00e4aikaisen kokemuksen&#8230;<\/p>\n","protected":false},"author":5,"featured_media":3825,"parent":3089,"menu_order":38,"comment_status":"closed","ping_status":"closed","template":"template-clinics.php","meta":{"_acf_changed":false,"footnotes":""},"class_list":["post-3842","page","type-page","status-publish","has-post-thumbnail","hentry"],"acf":[],"_links":{"self":[{"href":"https:\/\/tervisemaja.ee\/fi\/wp-json\/wp\/v2\/pages\/3842","targetHints":{"allow":["GET"]}}],"collection":[{"href":"https:\/\/tervisemaja.ee\/fi\/wp-json\/wp\/v2\/pages"}],"about":[{"href":"https:\/\/tervisemaja.ee\/fi\/wp-json\/wp\/v2\/types\/page"}],"author":[{"embeddable":true,"href":"https:\/\/tervisemaja.ee\/fi\/wp-json\/wp\/v2\/users\/5"}],"replies":[{"embeddable":true,"href":"https:\/\/tervisemaja.ee\/fi\/wp-json\/wp\/v2\/comments?post=3842"}],"version-history":[{"count":0,"href":"https:\/\/tervisemaja.ee\/fi\/wp-json\/wp\/v2\/pages\/3842\/revisions"}],"up":[{"embeddable":true,"href":"https:\/\/tervisemaja.ee\/fi\/wp-json\/wp\/v2\/pages\/3089"}],"wp:featuredmedia":[{"embeddable":true,"href":"https:\/\/tervisemaja.ee\/fi\/wp-json\/wp\/v2\/media\/3825"}],"wp:attachment":[{"href":"https:\/\/tervisemaja.ee\/fi\/wp-json\/wp\/v2\/media?parent=3842"}],"curies":[{"name":"wp","href":"https:\/\/api.w.org\/{rel}","templated":true}]}}