{"id":3096,"date":"2018-03-27T09:26:26","date_gmt":"2018-03-27T09:26:26","guid":{"rendered":"https:\/\/tervisemaja.ee\/avaleht\/"},"modified":"2024-12-16T15:00:34","modified_gmt":"2024-12-16T13:00:34","slug":"avaleht","status":"publish","type":"page","link":"https:\/\/tervisemaja.ee\/fi\/","title":{"rendered":"Kotkan Terveystalo"},"content":{"rendered":"<div class=\"wpb-content-wrapper\"><p>[vc_row][vc_column][vc_raw_html]JTVCcnl2LXBvcHVwJTIwdmlkZW8lM0QlMjJodHRwcyUzQSUyRiUyRnd3dy55b3V0dWJlLmNvbSUyRmVtYmVkJTJGSEtmRUlTZnpTRVklM0ZhdXRvcGxheSUzRDElMjIlNUQ=[\/vc_raw_html][\/vc_column][\/vc_row][vc_row css=&#8221;.vc_custom_1730978729189{padding-right: 0px !important;padding-left: 0px !important;}&#8221;][vc_column css=&#8221;.vc_custom_1730978736462{padding-right: 0px !important;padding-left: 0px !important;}&#8221;][vc_column_text]<\/p>\n<h2>MIK\u00c4 ON KOTKAN TERVEYSTALO?<\/h2>\n<p>Kotkan Terveystalo (Kotka Tervisemaja) kokoaa saman katon alle erilaisia terveydenhoitoalan yrityksi\u00e4 ja palveluntarjoajia, jotka tarjoavat oman alansa palveluja mahdollisimman laajalti. Kotkan Terveystalossa toimivia klinikoita luonnehtii pitk\u00e4 ty\u00f6kokemus, suuntautuminen nykyaikaisiin diagnostiikka- ja hoitostandardeihin sek\u00e4 kansainv\u00e4linen tunnettuus. Klinikoilla voi olla yhteisty\u00f6sopimuksia Viron sairauskassan (Eesti Haigekassa) ja muiden terveydenhoitopalveluja tarjoavien tahojen kanssa, mink\u00e4 ansiosta palvelut voivat olla potilaille maksuttomia. Muutoin haluamastaan palvelusta tulee maksaa itse.<\/p>\n<p>Kotkan Terveystalo (Kotka Tervisemaja) on avattu tammikuussa 2017. A-rakennuksessa toimivat Rosenthalin perhel\u00e4\u00e4k\u00e4rikeskus (Rosenthali Perearstikeskus), naistentautien erikoisl\u00e4\u00e4k\u00e4ri Reet Laasikin vastaanotto, jalkahoitoklinikka (Jalaravi Kliinik) ja Benu-apteekki (Benu Apteek) sek\u00e4 Niinen ihoklinikka (Niine Nahakliinik) ja Sakala-hammashoitola (Sakala Hambaravi) my\u00f6s kahvila Viktus. B-rakennuksessa sijaitsevat radiologian klinikka Mammograaf (Mammograaf Radioloogiakliinik) ja Kotkan yksityissairaala (Kotka Erahaigla). C-rakennus avattiin marraskuussa 2017, ja toimintansa siell\u00e4 ovat aloittaneet Reio Vilipuun kuntoutusklinikka (Reio Vilipuu Taastusravikliinik), Kotkan silm\u00e4klinikka (Kotka Silmakabinet), Audiomed-kuulokeskus (Audiomed Kuulmiskeskus), Astra Kliinik, Foot Care Center, vauvojen ja lasten fysioterapiakeskus Babysport ja FysioMedica sek\u00e4 Marienthalin klinikka (Marienthali Kliinik). C-rakennuksen ensimm\u00e4isess\u00e4 kerroksessa on my\u00f6s liike- ja palvelutilaa. Sielt\u00e4 l\u00f6ytyv\u00e4t Selver-myym\u00e4l\u00e4, kukkakauppa, kauneussalonki ja Lens Optika -optikkoliike.[\/vc_column_text][\/vc_column][\/vc_row][vc_row gap=&#8221;35&#8243; css=&#8221;.vc_custom_1730978751291{padding-right: 0px !important;padding-left: 0px !important;}&#8221;][vc_column width=&#8221;1\/2&#8243; css=&#8221;.vc_custom_1730978757033{padding-right: 0px !important;padding-left: 0px !important;}&#8221;][vc_column_text]<\/p>\n<h3>MITK\u00c4 OVAT KOTKAN TERVEYSTALON ARVOT?<\/h3>\n<p><strong>KOKEMUS:<\/strong>\u00a0Meill\u00e4 ty\u00f6skentelev\u00e4t huippuasiantuntijat, joilla on pitk\u00e4 kokemus. Pysy\u00e4ksemme huipulla p\u00e4ivit\u00e4mme jatkuvasti sek\u00e4 itse\u00e4mme ett\u00e4 tarjoamiamme palveluja. K\u00e4yt\u00e4mme tietotaitoamme parhaan mahdollisen hoidon tarjoamiseen sek\u00e4 koulutukseen ja alan kehitt\u00e4miseen. Huolehdimme siit\u00e4, ett\u00e4 tarjoamamme l\u00e4\u00e4ketieteen taso ja maineemme ovat korkeat sek\u00e4 nyt ett\u00e4 tulevaisuudessa.<strong><br \/>\n<\/strong><\/p>\n<p><strong>KEHITYS:<\/strong>\u00a0Innostumme uudistuksista ja haluamme aina kehitty\u00e4. Kun hy\u00f6dynn\u00e4mme innovaatioita palveluissamme, pid\u00e4mme l\u00e4ht\u00f6kohtana laatua, josta emme tingi.<\/p>\n<p><strong>HUOLENPITO:<\/strong>\u00a0Teemme ty\u00f6t\u00e4 syd\u00e4mell\u00e4. Ymm\u00e4rr\u00e4mme, ett\u00e4 jokainen on ainutlaatuinen, ja pyrimme l\u00f6yt\u00e4m\u00e4\u00e4n jokaiselle sopivan ratkaisun. Olemme helposti l\u00e4hestytt\u00e4vi\u00e4, kohteliaita ja avuliaita. Jaamme tietoa mahdollisimman tyhjent\u00e4v\u00e4sti ja puhumme potilaille ymm\u00e4rrett\u00e4v\u00e4ll\u00e4 kielell\u00e4.<\/p>\n<p><strong>KATTAVA JA LUOTETTAVA PALVELU:<\/strong>\u00a0Teemme yhteisty\u00f6t\u00e4 Terveystalon sis\u00e4ll\u00e4 ja my\u00f6s ulkopuolisten kollegoiden kanssa. Arvostamme potilaan aikaa ja pid\u00e4mme huolen siit\u00e4, ett\u00e4 tarvittavien palvelujen saaminen on mahdollisimman helppoa, johdonmukaista ja k\u00e4tev\u00e4\u00e4.[\/vc_column_text][\/vc_column][vc_column width=&#8221;1\/2&#8243; css=&#8221;.vc_custom_1730978762457{padding-right: 0px !important;padding-left: 0px !important;}&#8221;][vc_column_text]<\/p>\n<h3>MITK\u00c4 OVAT KOTKAN TERVEYSTALON TAVOITTEET?<\/h3>\n<p>Terveystalona, joka kokoaa yhteen erilaisia klinikoita, olemme asettaneet itsellemme seuraavat tavoitteet:<\/p>\n<ul>\n<li>tarjota potilaiden tarpeista l\u00e4htev\u00e4\u00e4, nykyaikaisten diagnostiikka- ja hoitostandardien mukaista kokonaisvaltaista palvelua;<\/li>\n<li>k\u00e4ytt\u00e4\u00e4 eri palveluntarjoajien parhaita k\u00e4yt\u00e4nt\u00f6j\u00e4 ja kokemuksia toistemme t\u00e4ydent\u00e4miseksi;<\/li>\n<li>edist\u00e4\u00e4 innovaatioiden k\u00e4ytt\u00f6\u00f6nottoa sek\u00e4 l\u00e4\u00e4ketieteellisiss\u00e4 ett\u00e4 sit\u00e4 tukevissa palveluissa, joita ovat muiden muassa uusien diagnosointi- ja hoitomenetelmien analysointi ja k\u00e4ytt\u00f6\u00f6notto, telel\u00e4\u00e4ketiede, s\u00e4hk\u00f6iset konsultaatiot, verkkoajanvaraus ja maksuratkaisut itse maksaville;<\/li>\n<li>nousta yhdeksi terveydenhoitomatkailua houkuttelevaksi keskukseksi It\u00e4meren rannikolla.<\/li>\n<\/ul>\n<p>[\/vc_column_text][\/vc_column][\/vc_row]<\/p>\n<\/div>","protected":false},"excerpt":{"rendered":"<p>[vc_row][vc_column][vc_raw_html]JTVCcnl2LXBvcHVwJTIwdmlkZW8lM0QlMjJodHRwcyUzQSUyRiUyRnd3dy55b3V0dWJlLmNvbSUyRmVtYmVkJTJGSEtmRUlTZnpTRVklM0ZhdXRvcGxheSUzRDElMjIlNUQ=[\/vc_raw_html][\/vc_column][\/vc_row][vc_row css=&#8221;.vc_custom_1730978729189{padding-right: 0px !important;padding-left: 0px !important;}&#8221;][vc_column css=&#8221;.vc_custom_1730978736462{padding-right: 0px !important;padding-left: 0px !important;}&#8221;][vc_column_text] MIK\u00c4 ON KOTKAN TERVEYSTALO? Kotkan Terveystalo (Kotka Tervisemaja) kokoaa&#8230;<\/p>\n","protected":false},"author":5,"featured_media":0,"parent":0,"menu_order":99,"comment_status":"closed","ping_status":"closed","template":"","meta":{"_acf_changed":false,"footnotes":""},"class_list":["post-3096","page","type-page","status-publish","hentry"],"acf":[],"_links":{"self":[{"href":"https:\/\/tervisemaja.ee\/fi\/wp-json\/wp\/v2\/pages\/3096","targetHints":{"allow":["GET"]}}],"collection":[{"href":"https:\/\/tervisemaja.ee\/fi\/wp-json\/wp\/v2\/pages"}],"about":[{"href":"https:\/\/tervisemaja.ee\/fi\/wp-json\/wp\/v2\/types\/page"}],"author":[{"embeddable":true,"href":"https:\/\/tervisemaja.ee\/fi\/wp-json\/wp\/v2\/users\/5"}],"replies":[{"embeddable":true,"href":"https:\/\/tervisemaja.ee\/fi\/wp-json\/wp\/v2\/comments?post=3096"}],"version-history":[{"count":4,"href":"https:\/\/tervisemaja.ee\/fi\/wp-json\/wp\/v2\/pages\/3096\/revisions"}],"predecessor-version":[{"id":6024,"href":"https:\/\/tervisemaja.ee\/fi\/wp-json\/wp\/v2\/pages\/3096\/revisions\/6024"}],"wp:attachment":[{"href":"https:\/\/tervisemaja.ee\/fi\/wp-json\/wp\/v2\/media?parent=3096"}],"curies":[{"name":"wp","href":"https:\/\/api.w.org\/{rel}","templated":true}]}}