{"id":3089,"date":"2018-03-27T13:29:53","date_gmt":"2018-03-27T10:29:53","guid":{"rendered":"https:\/\/tervisemaja.ee\/kliinikud-teenused\/"},"modified":"2018-03-29T17:22:36","modified_gmt":"2018-03-29T14:22:36","slug":"klinikat-ja-palvelut","status":"publish","type":"page","link":"https:\/\/tervisemaja.ee\/fi\/klinikat-ja-palvelut\/","title":{"rendered":"Klinikat ja Palvelut"},"content":{"rendered":"<p>Me Kotkan Terveystalossa uskomme, ett\u00e4 nykyaikaisen huippul\u00e4\u00e4ketieteen tulee ottaa huomioon sinun el\u00e4m\u00e4ntapasi, ei p\u00e4invastoin. T\u00e4st\u00e4 syyst\u00e4 olemme koonneet l\u00e4\u00e4ketieteen asiantuntijoita saman katon alle, jotta sin\u00e4 saisit laadukasta, nopeaa ja arvostavaa palvelua. Yleisl\u00e4\u00e4k\u00e4rist\u00e4 plastiikkakirurgiin.<\/p>\n","protected":false},"excerpt":{"rendered":"<p>Me Kotkan Terveystalossa uskomme, ett\u00e4 nykyaikaisen huippul\u00e4\u00e4ketieteen tulee ottaa huomioon sinun el\u00e4m\u00e4ntapasi, ei p\u00e4invastoin. T\u00e4st\u00e4 syyst\u00e4 olemme koonneet l\u00e4\u00e4ketieteen asiantuntijoita&#8230;<\/p>\n","protected":false},"author":5,"featured_media":3920,"parent":0,"menu_order":19,"comment_status":"closed","ping_status":"closed","template":"template-clinics-all.php","meta":{"_acf_changed":false,"footnotes":""},"class_list":["post-3089","page","type-page","status-publish","has-post-thumbnail","hentry"],"acf":[],"_links":{"self":[{"href":"https:\/\/tervisemaja.ee\/fi\/wp-json\/wp\/v2\/pages\/3089","targetHints":{"allow":["GET"]}}],"collection":[{"href":"https:\/\/tervisemaja.ee\/fi\/wp-json\/wp\/v2\/pages"}],"about":[{"href":"https:\/\/tervisemaja.ee\/fi\/wp-json\/wp\/v2\/types\/page"}],"author":[{"embeddable":true,"href":"https:\/\/tervisemaja.ee\/fi\/wp-json\/wp\/v2\/users\/5"}],"replies":[{"embeddable":true,"href":"https:\/\/tervisemaja.ee\/fi\/wp-json\/wp\/v2\/comments?post=3089"}],"version-history":[{"count":0,"href":"https:\/\/tervisemaja.ee\/fi\/wp-json\/wp\/v2\/pages\/3089\/revisions"}],"wp:featuredmedia":[{"embeddable":true,"href":"https:\/\/tervisemaja.ee\/fi\/wp-json\/wp\/v2\/media\/3920"}],"wp:attachment":[{"href":"https:\/\/tervisemaja.ee\/fi\/wp-json\/wp\/v2\/media?parent=3089"}],"curies":[{"name":"wp","href":"https:\/\/api.w.org\/{rel}","templated":true}]}}