{"id":3085,"date":"2018-03-27T13:30:06","date_gmt":"2018-03-27T10:30:06","guid":{"rendered":"https:\/\/tervisemaja.ee\/kinkekaart\/"},"modified":"2019-07-01T15:45:27","modified_gmt":"2019-07-01T12:45:27","slug":"lahjakortti","status":"publish","type":"page","link":"https:\/\/tervisemaja.ee\/fi\/lahjakortti\/","title":{"rendered":"Lahjakortti"},"content":{"rendered":"<div class=\"wpb-content-wrapper\"><p>[vc_row el_class=&#8221;wrap&#8221;][vc_column width=&#8221;1\/2&#8243; css=&#8221;.vc_custom_1522334901016{padding-right: 20px !important;}&#8221;][vc_column_text]<\/p>\n<h1>LAHJAKORTTI<\/h1>\n<p>Mik\u00e4 voisi olla parempi lahja kuin terveys- tai kauneuspalvelu! Kotkan Terveystalon lahjakortti on k\u00e4yt\u00e4nn\u00f6llinen lahja, joka sopii sek\u00e4 yst\u00e4v\u00e4lle, perheenj\u00e4senelle, rakkaalle ett\u00e4 hyv\u00e4lle ty\u00f6toverille.<\/p>\n<p>20, 50 ja 300 euron arvoisia lahjakortteja voi ostaa Kotkan Terveystalossa toimivista klinikoista (Kotka 12, Tallinn).<\/p>\n<p>Kotkan Terveystalon lahjakorttia voi k\u00e4ytt\u00e4\u00e4 vapaavalintaisesti palvelujen maksamiseen kaikissa Kotkan Terveystalossa toimivissa klinikoissa. Lahjakortilla ei voi maksaa ostoksia apteekissa ja ruokakaupassa. Yht\u00e4 lahjakorttia voi k\u00e4ytt\u00e4\u00e4 kerran vapaavalintaisessa klinikassa.<\/p>\n<p>Jos valitun palvelun hinta on lahjakortin arvoa pienempi, v\u00e4lirahaa ei palauteta. Jos palvelun hinta ylitt\u00e4\u00e4 lahjakortin arvon, puuttuvan summan voi maksaa palvelun tarjoavalle klinikalle k\u00e4teisell\u00e4, pankkikortilla tai pankkisiirtona. Lahjakorttia ei vaihdeta rahaksi. Lahjakortti on k\u00e4ytett\u00e4v\u00e4 vuoden kuluessa ostop\u00e4iv\u00e4st\u00e4.<\/p>\n<p>Tarkempien tietojen saamiseksi ja ajan varaamiseksi ota yhteytt\u00e4 palvelua tarjoavaan klinikkaan.<\/p>\n<p>Toivotamme hyv\u00e4\u00e4 terveytt\u00e4![\/vc_column_text][\/vc_column][vc_column width=&#8221;1\/2&#8243; css=&#8221;.vc_custom_1522334906789{padding-left: 20px !important;}&#8221;][vc_column_text]<img loading=\"lazy\" decoding=\"async\" class=\"alignnone size-large wp-image-3221\" src=\"https:\/\/tervisemaja.ee\/wp-content\/uploads\/2018\/03\/kinkekaart-scaled.jpg\" alt=\"\" width=\"1024\" height=\"729\" srcset=\"https:\/\/tervisemaja.ee\/wp-content\/uploads\/2018\/03\/kinkekaart-scaled.jpg 2560w, https:\/\/tervisemaja.ee\/wp-content\/uploads\/2018\/03\/kinkekaart-900x640.jpg 900w, https:\/\/tervisemaja.ee\/wp-content\/uploads\/2018\/03\/kinkekaart-1920x1366.jpg 1920w, https:\/\/tervisemaja.ee\/wp-content\/uploads\/2018\/03\/kinkekaart-768x546.jpg 768w, https:\/\/tervisemaja.ee\/wp-content\/uploads\/2018\/03\/kinkekaart-1536x1093.jpg 1536w, https:\/\/tervisemaja.ee\/wp-content\/uploads\/2018\/03\/kinkekaart-2048x1457.jpg 2048w\" sizes=\"auto, (max-width: 1024px) 100vw, 1024px\" \/>[\/vc_column_text][\/vc_column][\/vc_row]<\/p>\n<\/div>","protected":false},"excerpt":{"rendered":"<p>[vc_row el_class=&#8221;wrap&#8221;][vc_column width=&#8221;1\/2&#8243; css=&#8221;.vc_custom_1522334901016{padding-right: 20px !important;}&#8221;][vc_column_text] LAHJAKORTTI Mik\u00e4 voisi olla parempi lahja kuin terveys- tai kauneuspalvelu! Kotkan Terveystalon lahjakortti on&#8230;<\/p>\n","protected":false},"author":5,"featured_media":0,"parent":0,"menu_order":15,"comment_status":"closed","ping_status":"closed","template":"","meta":{"_acf_changed":false,"footnotes":""},"class_list":["post-3085","page","type-page","status-publish","hentry"],"acf":[],"_links":{"self":[{"href":"https:\/\/tervisemaja.ee\/fi\/wp-json\/wp\/v2\/pages\/3085","targetHints":{"allow":["GET"]}}],"collection":[{"href":"https:\/\/tervisemaja.ee\/fi\/wp-json\/wp\/v2\/pages"}],"about":[{"href":"https:\/\/tervisemaja.ee\/fi\/wp-json\/wp\/v2\/types\/page"}],"author":[{"embeddable":true,"href":"https:\/\/tervisemaja.ee\/fi\/wp-json\/wp\/v2\/users\/5"}],"replies":[{"embeddable":true,"href":"https:\/\/tervisemaja.ee\/fi\/wp-json\/wp\/v2\/comments?post=3085"}],"version-history":[{"count":0,"href":"https:\/\/tervisemaja.ee\/fi\/wp-json\/wp\/v2\/pages\/3085\/revisions"}],"wp:attachment":[{"href":"https:\/\/tervisemaja.ee\/fi\/wp-json\/wp\/v2\/media?parent=3085"}],"curies":[{"name":"wp","href":"https:\/\/api.w.org\/{rel}","templated":true}]}}