{"id":3072,"date":"2018-03-27T13:30:46","date_gmt":"2018-03-27T10:30:46","guid":{"rendered":"https:\/\/tervisemaja.ee\/asukoht-parkimine\/"},"modified":"2020-04-06T13:12:44","modified_gmt":"2020-04-06T10:12:44","slug":"yhteystiedot-ja-pysakointi","status":"publish","type":"page","link":"https:\/\/tervisemaja.ee\/fi\/yhteystiedot-ja-pysakointi\/","title":{"rendered":"Yhteystiedot ja pys\u00e4k\u00f6inti"},"content":{"rendered":"<div class=\"wpb-content-wrapper\"><p>[vc_row el_class=&#8221;wrap&#8221;][vc_column width=&#8221;1\/2&#8243; css=&#8221;.vc_custom_1522334454447{padding-right: 20px !important;}&#8221;][vc_column_text]<\/p>\n<h1>Kotka Tervisemaja<\/h1>\n<h2>Kotka 12, 11315 Tallinn<\/h2>\n<p>+372 600 4008<\/p>\n<p>Neuvontapuhelin vastaa Ma &#8211; Pe 09:00 &#8211; 17:00<\/p>\n<p>info@tervisemaja.ee<br \/>\nwww.tervisemaja.ee<\/p>\n<p>Asiakaspys\u00e4k\u00f6intialueelle p\u00e4\u00e4see maksutta Kotka-kadun puolelta.<\/p>\n<p>Perille p\u00e4\u00e4see bussilla nro 23, pys\u00e4kki Kotka<br \/>\n<a href=\"https:\/\/transport.tallinn.ee\/#bus\/23\/a-b\">Katso aikataulu<\/a><\/p>\n<p><strong>Toimitusjohtaja<\/strong><\/p>\n<p>Raul Niin<br \/>\nraul.niin@tervisemaja.ee[\/vc_column_text][\/vc_column][vc_column width=&#8221;1\/2&#8243; css=&#8221;.vc_custom_1522334441566{padding-left: 20px !important;}&#8221;][vc_gmaps link=&#8221;#E-8_JTNDaWZyYW1lJTIwc3JjJTNEJTIyaHR0cHMlM0ElMkYlMkZ3d3cuZ29vZ2xlLmNvbSUyRm1hcHMlMkZlbWJlZCUzRnBiJTNEJTIxMW0xOCUyMTFtMTIlMjExbTMlMjExZDIwMjkuNzk5NjM1Mjk1NDY4JTIxMmQyNC43Mjc1MDM1MTYzNzc3NzMlMjEzZDU5LjQxOTczNzE4MTY5MDQ4JTIxMm0zJTIxMWYwJTIxMmYwJTIxM2YwJTIxM20yJTIxMWkxMDI0JTIxMmk3NjglMjE0ZjEzLjElMjEzbTMlMjExbTIlMjExczB4NDY5Mjk0OTNmYmU2MmU5ZCUyNTNBMHg1NWVlN2FlMGQ4MzAzNGIwJTIxMnNLb3RrYSUyQlRlcnZpc2VtYWphJTIxNWUwJTIxM20yJTIxMXNldCUyMTJzZWUlMjE0djE1MjIzMzQ0OTUyMjglMjIlMjB3aWR0aCUzRCUyMjYwMCUyMiUyMGhlaWdodCUzRCUyMjQ1MCUyMiUyMGZyYW1lYm9yZGVyJTNEJTIyMCUyMiUyMHN0eWxlJTNEJTIyYm9yZGVyJTNBMCUyMiUyMGFsbG93ZnVsbHNjcmVlbiUzRSUzQyUyRmlmcmFtZSUzRQ==&#8221;][vc_column_text]<a href=\"https:\/\/tervisemaja.ee\/wp-content\/uploads\/2018\/06\/PlaanA5_ENG-01-1024x730.jpg\" rel=\"lightbox\"><img loading=\"lazy\" decoding=\"async\" class=\"aligncenter wp-image-3755 size-large\" src=\"https:\/\/tervisemaja.ee\/wp-content\/uploads\/2018\/06\/PlaanA5_ENG-01-1024x730.jpg\" alt=\"\" width=\"1024\" height=\"730\" \/><\/a>[\/vc_column_text][\/vc_column][\/vc_row]<\/p>\n<\/div>","protected":false},"excerpt":{"rendered":"<p>[vc_row el_class=&#8221;wrap&#8221;][vc_column width=&#8221;1\/2&#8243; css=&#8221;.vc_custom_1522334454447{padding-right: 20px !important;}&#8221;][vc_column_text] Kotka Tervisemaja Kotka 12, 11315 Tallinn +372 600 4008 Neuvontapuhelin vastaa Ma &#8211; Pe&#8230;<\/p>\n","protected":false},"author":5,"featured_media":0,"parent":0,"menu_order":11,"comment_status":"closed","ping_status":"closed","template":"","meta":{"_acf_changed":false,"footnotes":""},"class_list":["post-3072","page","type-page","status-publish","hentry"],"acf":[],"_links":{"self":[{"href":"https:\/\/tervisemaja.ee\/fi\/wp-json\/wp\/v2\/pages\/3072","targetHints":{"allow":["GET"]}}],"collection":[{"href":"https:\/\/tervisemaja.ee\/fi\/wp-json\/wp\/v2\/pages"}],"about":[{"href":"https:\/\/tervisemaja.ee\/fi\/wp-json\/wp\/v2\/types\/page"}],"author":[{"embeddable":true,"href":"https:\/\/tervisemaja.ee\/fi\/wp-json\/wp\/v2\/users\/5"}],"replies":[{"embeddable":true,"href":"https:\/\/tervisemaja.ee\/fi\/wp-json\/wp\/v2\/comments?post=3072"}],"version-history":[{"count":0,"href":"https:\/\/tervisemaja.ee\/fi\/wp-json\/wp\/v2\/pages\/3072\/revisions"}],"wp:attachment":[{"href":"https:\/\/tervisemaja.ee\/fi\/wp-json\/wp\/v2\/media?parent=3072"}],"curies":[{"name":"wp","href":"https:\/\/api.w.org\/{rel}","templated":true}]}}