{"id":3068,"date":"2018-03-29T13:58:21","date_gmt":"2018-03-29T10:58:21","guid":{"rendered":"https:\/\/tervisemaja.ee\/niine-nahakliinik\/"},"modified":"2019-12-13T15:47:33","modified_gmt":"2019-12-13T12:47:33","slug":"niine-nahakliinik","status":"publish","type":"page","link":"https:\/\/tervisemaja.ee\/fi\/klinikat-ja-palvelut\/niine-nahakliinik\/","title":{"rendered":"NIINE IHOKLINIKKA"},"content":{"rendered":"<p>Niinen ihoklinikan toiminta-ajatuksena on varmistaa, ett\u00e4 melanooma ja ihosy\u00f6p\u00e4 todetaan ja hoidetaan varhaisessa vaiheessa. Klinikalla tehd\u00e4\u00e4n l\u00e4hes 12 000 digitaalista dermatoskooppista tutkimusta vuodessa. Tutkimus voidaan tehd\u00e4 joko paikan p\u00e4\u00e4ll\u00e4 tai telel\u00e4\u00e4ketieteen palveluna Dermtest-ihotestin kautta.<\/p>\n<p>Lis\u00e4ksi diagnosoimme ja hoidamme erilaisia ihosairauksia ja allergioita. Klinikan kauneuspalveluihin kuuluu laaja valikoima sek\u00e4 nykyaikaisia ei-invasiivisia ja mahdollisimman v\u00e4h\u00e4n invasiivisia menetelmi\u00e4 (kosmeettinen hoito, fotonuorennus, t\u00e4yteainepistokset) ett\u00e4 plastiikkakirurgisia toimenpiteit\u00e4.<\/p>\n<p><a href=\"http:\/\/www.nahakliinik.ee\/\"><span style=\"color: #0000ff;\">www.nahakliinik.ee<\/span><\/a><\/p>\n<p>+372 615 4115<br \/>\ninfo@nahakliinik.ee<br \/>\nKotka Tervisemajan A-osasto<br \/>\nII kerros<\/p>\n<p><strong>PALVELUT:<\/strong><\/p>\n<ul>\n<li>DERMATOSKOOPPISET TUTKIMUKSET<\/li>\n<li>IHOKASVAINTEN LEIKKAUS-, LASER-, J\u00c4\u00c4DYTYS- JA VALOHOITO<\/li>\n<li>IHOSAIRAUKSIEN DIAGNOSOINTI JA HOITO<\/li>\n<li>ALLERGIOIDEN DIAGNOSOINTI JA HOITO<\/li>\n<li>KAUNEUDENHOITOTOIMENPITEET<\/li>\n<li>PLASTIIKKAKIRURGIA<\/li>\n<\/ul>\n","protected":false},"excerpt":{"rendered":"<p>Niinen ihoklinikan toiminta-ajatuksena on varmistaa, ett\u00e4 melanooma ja ihosy\u00f6p\u00e4 todetaan ja hoidetaan varhaisessa vaiheessa. Klinikalla tehd\u00e4\u00e4n l\u00e4hes 12 000 digitaalista&#8230;<\/p>\n","protected":false},"author":5,"featured_media":2877,"parent":3089,"menu_order":77,"comment_status":"closed","ping_status":"closed","template":"template-clinics.php","meta":{"_acf_changed":false,"footnotes":""},"class_list":["post-3068","page","type-page","status-publish","has-post-thumbnail","hentry"],"acf":[],"_links":{"self":[{"href":"https:\/\/tervisemaja.ee\/fi\/wp-json\/wp\/v2\/pages\/3068","targetHints":{"allow":["GET"]}}],"collection":[{"href":"https:\/\/tervisemaja.ee\/fi\/wp-json\/wp\/v2\/pages"}],"about":[{"href":"https:\/\/tervisemaja.ee\/fi\/wp-json\/wp\/v2\/types\/page"}],"author":[{"embeddable":true,"href":"https:\/\/tervisemaja.ee\/fi\/wp-json\/wp\/v2\/users\/5"}],"replies":[{"embeddable":true,"href":"https:\/\/tervisemaja.ee\/fi\/wp-json\/wp\/v2\/comments?post=3068"}],"version-history":[{"count":0,"href":"https:\/\/tervisemaja.ee\/fi\/wp-json\/wp\/v2\/pages\/3068\/revisions"}],"up":[{"embeddable":true,"href":"https:\/\/tervisemaja.ee\/fi\/wp-json\/wp\/v2\/pages\/3089"}],"wp:featuredmedia":[{"embeddable":true,"href":"https:\/\/tervisemaja.ee\/fi\/wp-json\/wp\/v2\/media\/2877"}],"wp:attachment":[{"href":"https:\/\/tervisemaja.ee\/fi\/wp-json\/wp\/v2\/media?parent=3068"}],"curies":[{"name":"wp","href":"https:\/\/api.w.org\/{rel}","templated":true}]}}