{"id":3061,"date":"2018-03-29T14:27:06","date_gmt":"2018-03-29T11:27:06","guid":{"rendered":"https:\/\/tervisemaja.ee\/rosenthali-perearstikeskus\/"},"modified":"2019-12-13T15:57:35","modified_gmt":"2019-12-13T12:57:35","slug":"rosenthali-perearstikeskus","status":"publish","type":"page","link":"https:\/\/tervisemaja.ee\/fi\/klinikat-ja-palvelut\/rosenthali-perearstikeskus\/","title":{"rendered":"ROSENTHALIN PERHEL\u00c4\u00c4K\u00c4RIKESKUS"},"content":{"rendered":"<p>Perhel\u00e4\u00e4k\u00e4rikeskus palvelee kaikenik\u00e4isi\u00e4 potilaita, ja puoleemme voi ensisijaista konsultaatiot varten k\u00e4\u00e4nty\u00e4 kaikissa terveysongelmissa. Palvelemme Haigekassan sopimuksen piiriin kuuluvia potilaita, mutta maksullisia palveluja tarjoamme my\u00f6s kaikille muille.<\/p>\n<p>Keskuksestamme saa my\u00f6s gynekologin palveluja maksua vastaan. Lis\u00e4ksi annamme rokotuksia sek\u00e4 kinesioteippausta potilaan k\u00e4rsiess\u00e4 kivuista ja urheiluvammoista. Pyyd\u00e4mme aina varaamaan etuk\u00e4teen ajan joko l\u00e4\u00e4k\u00e4rille tai sairaanhoitajalle.<\/p>\n<p><a href=\"http:\/\/www.svearosenthal.ee\/\"><span style=\"color: #0000ff;\">www.svearosenthal.ee<\/span><\/a><\/p>\n<p>Sairaanhoitajan neuvontapuhelin:<br \/>\n+372 675 5000<br \/>\nNeuvontapuhelin:<br \/>\n+372 514 5963<br \/>\npak@rosenthalid.ee<br \/>\nKotka Tervisemajan A-osasto<br \/>\nI kerros<\/p>\n<p><strong>PALVELUT:<\/strong><\/p>\n<ul>\n<li>PERHEL\u00c4\u00c4K\u00c4RIN VASTAANOTTO<\/li>\n<li>SAIRAANHOITAJAN VASTAANOTTO<\/li>\n<li>GYNEKOLOGIN VASTAANOTTO<\/li>\n<li>ROKOTUKSET<\/li>\n<li>URHEILUVAMMOJEN KINESIOTEIPPAUS<\/li>\n<li>SIDONTA JA TEIPPAUS<\/li>\n<\/ul>\n","protected":false},"excerpt":{"rendered":"<p>Perhel\u00e4\u00e4k\u00e4rikeskus palvelee kaikenik\u00e4isi\u00e4 potilaita, ja puoleemme voi ensisijaista konsultaatiot varten k\u00e4\u00e4nty\u00e4 kaikissa terveysongelmissa. Palvelemme Haigekassan sopimuksen piiriin kuuluvia potilaita, mutta&#8230;<\/p>\n","protected":false},"author":5,"featured_media":2886,"parent":3089,"menu_order":86,"comment_status":"closed","ping_status":"closed","template":"template-clinics.php","meta":{"_acf_changed":false,"footnotes":""},"class_list":["post-3061","page","type-page","status-publish","has-post-thumbnail","hentry"],"acf":[],"_links":{"self":[{"href":"https:\/\/tervisemaja.ee\/fi\/wp-json\/wp\/v2\/pages\/3061","targetHints":{"allow":["GET"]}}],"collection":[{"href":"https:\/\/tervisemaja.ee\/fi\/wp-json\/wp\/v2\/pages"}],"about":[{"href":"https:\/\/tervisemaja.ee\/fi\/wp-json\/wp\/v2\/types\/page"}],"author":[{"embeddable":true,"href":"https:\/\/tervisemaja.ee\/fi\/wp-json\/wp\/v2\/users\/5"}],"replies":[{"embeddable":true,"href":"https:\/\/tervisemaja.ee\/fi\/wp-json\/wp\/v2\/comments?post=3061"}],"version-history":[{"count":0,"href":"https:\/\/tervisemaja.ee\/fi\/wp-json\/wp\/v2\/pages\/3061\/revisions"}],"up":[{"embeddable":true,"href":"https:\/\/tervisemaja.ee\/fi\/wp-json\/wp\/v2\/pages\/3089"}],"wp:featuredmedia":[{"embeddable":true,"href":"https:\/\/tervisemaja.ee\/fi\/wp-json\/wp\/v2\/media\/2886"}],"wp:attachment":[{"href":"https:\/\/tervisemaja.ee\/fi\/wp-json\/wp\/v2\/media?parent=3061"}],"curies":[{"name":"wp","href":"https:\/\/api.w.org\/{rel}","templated":true}]}}