{"id":3054,"date":"2018-03-29T14:30:40","date_gmt":"2018-03-29T11:30:40","guid":{"rendered":"https:\/\/tervisemaja.ee\/sakala-hambaravi\/"},"modified":"2019-12-13T16:01:22","modified_gmt":"2019-12-13T13:01:22","slug":"sakala-hambaravi","status":"publish","type":"page","link":"https:\/\/tervisemaja.ee\/fi\/klinikat-ja-palvelut\/sakala-hambaravi\/","title":{"rendered":"SAKALA HAMMASKLINIKKA"},"content":{"rendered":"<p>Klinikkamme arvot perustuvat nelj\u00e4\u00e4n pilariin, jotka ovat potilaan hyvinvointi, rehellisyys, omistautuminen ja ammattitaito. N\u00e4m\u00e4 arvot ohjaavat jokap\u00e4iv\u00e4ist\u00e4 ty\u00f6t\u00e4mme ja suhtautumistamme ymp\u00e4rill\u00e4mme oleviin. L\u00e4\u00e4k\u00e4riemme ammattitaitoon kuuluvat kaikki hammashoidon oleellisimmat osa-alueet, joita ovat muiden muassa protetiikka, ortodontia, endodontia ja implantologia.<\/p>\n<p>Klinikalla on k\u00e4ytett\u00e4viss\u00e4\u00e4n nykyaikaisin 3D-tekniikka sek\u00e4 proteesit\u00f6ihin ett\u00e4 r\u00f6ntgenkuvien ottamiseen, mink\u00e4 ansiosta voimme tehd\u00e4 eritt\u00e4in tarkkoja korjauksia jo potilaan ensimm\u00e4isell\u00e4 k\u00e4ynnill\u00e4. Varaa aika vastaanotollemme, niin saa tarkemmat tiedot tarvitsemistasi hoidoista. Sen voit tehd\u00e4 k\u00e4tev\u00e4sti ajanvarausosiostamme Internetiss\u00e4 tai klinikan \u00e4lysovelluksella.<\/p>\n<p><a href=\"https:\/\/www.sakalahambaravi.ee\/\"><span style=\"color: #0000ff;\">www.sakalahambaravi.ee<\/span><\/a><\/p>\n<p>+372 5335 99 66<br \/>\ninfo@sakalahambaravi.ee<br \/>\nKotka Tervisemajan A-osasto<br \/>\nIII kerros<\/p>\n<p><strong>PALVELUT:<\/strong><\/p>\n<ul>\n<li>HAMMASHOITO<\/li>\n<li>JUURIHOITO<\/li>\n<li>PROTETIIKKA<\/li>\n<li>IMPLANTOLOGIA<\/li>\n<li>SUUONTELON KIRURGIA<\/li>\n<li>PARODONTOLOGIA<\/li>\n<li>OIKOMISHOITO<\/li>\n<li>DIAGNOSTIIKKA<\/li>\n<li>HAMPAIDEN VALKAISU<\/li>\n<\/ul>\n","protected":false},"excerpt":{"rendered":"<p>Klinikkamme arvot perustuvat nelj\u00e4\u00e4n pilariin, jotka ovat potilaan hyvinvointi, rehellisyys, omistautuminen ja ammattitaito. N\u00e4m\u00e4 arvot ohjaavat jokap\u00e4iv\u00e4ist\u00e4 ty\u00f6t\u00e4mme ja suhtautumistamme&#8230;<\/p>\n","protected":false},"author":5,"featured_media":2889,"parent":3089,"menu_order":88,"comment_status":"closed","ping_status":"closed","template":"template-clinics.php","meta":{"_acf_changed":false,"footnotes":""},"class_list":["post-3054","page","type-page","status-publish","has-post-thumbnail","hentry"],"acf":[],"_links":{"self":[{"href":"https:\/\/tervisemaja.ee\/fi\/wp-json\/wp\/v2\/pages\/3054","targetHints":{"allow":["GET"]}}],"collection":[{"href":"https:\/\/tervisemaja.ee\/fi\/wp-json\/wp\/v2\/pages"}],"about":[{"href":"https:\/\/tervisemaja.ee\/fi\/wp-json\/wp\/v2\/types\/page"}],"author":[{"embeddable":true,"href":"https:\/\/tervisemaja.ee\/fi\/wp-json\/wp\/v2\/users\/5"}],"replies":[{"embeddable":true,"href":"https:\/\/tervisemaja.ee\/fi\/wp-json\/wp\/v2\/comments?post=3054"}],"version-history":[{"count":0,"href":"https:\/\/tervisemaja.ee\/fi\/wp-json\/wp\/v2\/pages\/3054\/revisions"}],"up":[{"embeddable":true,"href":"https:\/\/tervisemaja.ee\/fi\/wp-json\/wp\/v2\/pages\/3089"}],"wp:featuredmedia":[{"embeddable":true,"href":"https:\/\/tervisemaja.ee\/fi\/wp-json\/wp\/v2\/media\/2889"}],"wp:attachment":[{"href":"https:\/\/tervisemaja.ee\/fi\/wp-json\/wp\/v2\/media?parent=3054"}],"curies":[{"name":"wp","href":"https:\/\/api.w.org\/{rel}","templated":true}]}}