{"id":3051,"date":"2018-03-29T14:33:15","date_gmt":"2018-03-29T11:33:15","guid":{"rendered":"https:\/\/tervisemaja.ee\/mammograaf\/"},"modified":"2019-12-13T15:31:59","modified_gmt":"2019-12-13T12:31:59","slug":"mammograaf","status":"publish","type":"page","link":"https:\/\/tervisemaja.ee\/fi\/klinikat-ja-palvelut\/mammograaf\/","title":{"rendered":"RADIOLOGIAN KLINIKKA MAMMOGRAAF"},"content":{"rendered":"<p>Radiologian klinikka Mammograafin tavoitteena on tehd\u00e4 laadukkaita kuvantamistutkimuksia niin, ett\u00e4 kehon mitk\u00e4 tahansa patologiset muutokset voitaisiin todeta mahdollisimman varhaisessa vaiheessa. Teemme nykyaikaisilla ja turvallisilla tutkimuslaitteilla yli 25 000 tutkimusta vuodessa. Jotta palvelut olisivat paremmin saatavilla ymp\u00e4ri Viroa, teemme mammografia- ja MRI-tutkimuksia my\u00f6s kiert\u00e4viss\u00e4 rekoissa.<\/p>\n<p>L\u00e4\u00e4k\u00e4rimme tekev\u00e4t rintatutkimuksia sek\u00e4 mammografia- ett\u00e4 ultra\u00e4\u00e4nilaitteilla. Yhteisty\u00f6ss\u00e4 Viron sairauskassan kanssa teemme vuosittain rintasy\u00f6v\u00e4n seulontatutkimuksia sek\u00e4 tutkimme rintasy\u00f6v\u00e4n mahdollisuutta jo ennen kuin potilas edes havaitsee oireita.<\/p>\n<p><a href=\"http:\/\/www.mammograaf.ee\/\"><span style=\"color: #0000ff;\">www.mammograaf.ee<\/span><\/a><\/p>\n<p>+372 627 4470<br \/>\ninfo@mammograaf.ee<br \/>\nKotka Tervisemajan A-sis\u00e4\u00e4np\u00e4\u00e4sy<br \/>\nI kerros<\/p>\n<p><strong>PALVELUT:<\/strong><\/p>\n<ul>\n<li>MAGNEETTIRESONANSSITOMOGRAFIA (MRI)<\/li>\n<li>R\u00d6NTGENTUTKIMUKSET<\/li>\n<li>MAMMOGRAFIA<\/li>\n<li>ULTRA\u00c4\u00c4NITUTKIMUKSET<\/li>\n<li>DOPPLER-TUTKIMUKSET<\/li>\n<li>ULTRA\u00c4\u00c4NITOIMENPITEET<\/li>\n<\/ul>\n","protected":false},"excerpt":{"rendered":"<p>Radiologian klinikka Mammograafin tavoitteena on tehd\u00e4 laadukkaita kuvantamistutkimuksia niin, ett\u00e4 kehon mitk\u00e4 tahansa patologiset muutokset voitaisiin todeta mahdollisimman varhaisessa vaiheessa&#8230;.<\/p>\n","protected":false},"author":5,"featured_media":2892,"parent":3089,"menu_order":68,"comment_status":"closed","ping_status":"closed","template":"template-clinics.php","meta":{"_acf_changed":false,"footnotes":""},"class_list":["post-3051","page","type-page","status-publish","has-post-thumbnail","hentry"],"acf":[],"_links":{"self":[{"href":"https:\/\/tervisemaja.ee\/fi\/wp-json\/wp\/v2\/pages\/3051","targetHints":{"allow":["GET"]}}],"collection":[{"href":"https:\/\/tervisemaja.ee\/fi\/wp-json\/wp\/v2\/pages"}],"about":[{"href":"https:\/\/tervisemaja.ee\/fi\/wp-json\/wp\/v2\/types\/page"}],"author":[{"embeddable":true,"href":"https:\/\/tervisemaja.ee\/fi\/wp-json\/wp\/v2\/users\/5"}],"replies":[{"embeddable":true,"href":"https:\/\/tervisemaja.ee\/fi\/wp-json\/wp\/v2\/comments?post=3051"}],"version-history":[{"count":0,"href":"https:\/\/tervisemaja.ee\/fi\/wp-json\/wp\/v2\/pages\/3051\/revisions"}],"up":[{"embeddable":true,"href":"https:\/\/tervisemaja.ee\/fi\/wp-json\/wp\/v2\/pages\/3089"}],"wp:featuredmedia":[{"embeddable":true,"href":"https:\/\/tervisemaja.ee\/fi\/wp-json\/wp\/v2\/media\/2892"}],"wp:attachment":[{"href":"https:\/\/tervisemaja.ee\/fi\/wp-json\/wp\/v2\/media?parent=3051"}],"curies":[{"name":"wp","href":"https:\/\/api.w.org\/{rel}","templated":true}]}}