{"id":3047,"date":"2018-03-29T14:35:04","date_gmt":"2018-03-29T11:35:04","guid":{"rendered":"https:\/\/tervisemaja.ee\/kotka-erahaigla\/"},"modified":"2019-12-13T16:38:08","modified_gmt":"2019-12-13T13:38:08","slug":"kotka-erahaigla","status":"publish","type":"page","link":"https:\/\/tervisemaja.ee\/fi\/klinikat-ja-palvelut\/kotka-erahaigla\/","title":{"rendered":"KOTKA YKSITYISSAIRAALA PLASTIIKKAKIRURGIA KESKUS"},"content":{"rendered":"<p>Vuoden 2017 alussa Tallinnassa aloittaa toimintansa uusi yksityissairaala Kotka Erahaigla, jonka palveluihin sis\u00e4ltyy laaja valikoima plastiikkakirurgisia toimenpiteit\u00e4. Kotka Erahaigla -sairaalassa on Viron nykyaikaisimmat toimenpidehuoneet sek\u00e4 mukavat osastot, joissa on yhteens\u00e4 22 vuodepaikkaa.<\/p>\n<p>Potilaiden hyvinvoinnista huolehtii asiantunteva ja yst\u00e4v\u00e4llinen, ty\u00f6lleen omistautunut henkil\u00f6kunta. Teemme tiivist\u00e4 yhteisty\u00f6t\u00e4 Kotka Tervisemajassa toimivien erikoisasiantuntijoiden kanssa, mink\u00e4 ansiosta potilaille voidaan tehd\u00e4 leikkausta edelt\u00e4v\u00e4t tutkimukset samassa paikassa. Potilaille tarjotaan makunautintoja 1. kerroksen kahviossa.<\/p>\n<p>MEID\u00c4N L\u00c4\u00c4K\u00c4RIT:<\/p>\n<ul>\n<li>Dr. J\u00fcri Kullamaa<\/li>\n<li>Dr. Pille Kirjanen<\/li>\n<li>Dr. Mart Eller<\/li>\n<li>Dr. Heiko Atna<\/li>\n<li>Dr. Margus Luht<\/li>\n<li>Dr. Priit Kasen\u00f5mm<\/li>\n<li>Dr. Bret Kaldvee<\/li>\n<\/ul>\n<p><a href=\"https:\/\/kirurgia.ee\/\"><span style=\"color: #0000ff;\">www.kirurgia.ee<\/span><\/a><\/p>\n<p>+372 653 0777<br \/>\ninfo@erahaigla.ee<br \/>\nKotka Tervisemajan B-osasto<br \/>\nI kerros<\/p>\n<p><strong>PALVELUT:<\/strong><\/p>\n<ul>\n<li>RINTOJEN SUURENNUS<\/li>\n<li>RINTOJEN PIENENNYS<\/li>\n<li>RINTOJEN KOHOTUS<\/li>\n<li>RINTAREKONSTRUKTIO<\/li>\n<li>MIEHEN RINTOJEN V\u00c4HENNYS<\/li>\n<li>RASVANSIIRTO<\/li>\n<li>OTSAN JA KULMAKARVOJEN PLASTIIKKAKIRURGIA<\/li>\n<li>KASVOJEN- JA KAULAN KOHOTUS<\/li>\n<li>NEN\u00c4N MUOTOILU<\/li>\n<li>LUOMIEN KORJAUS<\/li>\n<li>KORVIEN MUOTOILU<\/li>\n<li>INTIIMIKIRURGIA<\/li>\n<li>CIRCUMCISIO<\/li>\n<li>RASVAIMU<\/li>\n<li>VATSAN MUOTOILU<\/li>\n<li>K\u00c4SIVARSIEN MUOTOILU<\/li>\n<li>REISIEN MUOTOILU<\/li>\n<li>PAKAROIDEN MUOTOILU<\/li>\n<\/ul>\n","protected":false},"excerpt":{"rendered":"<p>Vuoden 2017 alussa Tallinnassa aloittaa toimintansa uusi yksityissairaala Kotka Erahaigla, jonka palveluihin sis\u00e4ltyy laaja valikoima plastiikkakirurgisia toimenpiteit\u00e4. Kotka Erahaigla -sairaalassa&#8230;<\/p>\n","protected":false},"author":5,"featured_media":4603,"parent":3089,"menu_order":48,"comment_status":"closed","ping_status":"closed","template":"template-clinics.php","meta":{"_acf_changed":false,"footnotes":""},"class_list":["post-3047","page","type-page","status-publish","has-post-thumbnail","hentry"],"acf":[],"_links":{"self":[{"href":"https:\/\/tervisemaja.ee\/fi\/wp-json\/wp\/v2\/pages\/3047","targetHints":{"allow":["GET"]}}],"collection":[{"href":"https:\/\/tervisemaja.ee\/fi\/wp-json\/wp\/v2\/pages"}],"about":[{"href":"https:\/\/tervisemaja.ee\/fi\/wp-json\/wp\/v2\/types\/page"}],"author":[{"embeddable":true,"href":"https:\/\/tervisemaja.ee\/fi\/wp-json\/wp\/v2\/users\/5"}],"replies":[{"embeddable":true,"href":"https:\/\/tervisemaja.ee\/fi\/wp-json\/wp\/v2\/comments?post=3047"}],"version-history":[{"count":0,"href":"https:\/\/tervisemaja.ee\/fi\/wp-json\/wp\/v2\/pages\/3047\/revisions"}],"up":[{"embeddable":true,"href":"https:\/\/tervisemaja.ee\/fi\/wp-json\/wp\/v2\/pages\/3089"}],"wp:featuredmedia":[{"embeddable":true,"href":"https:\/\/tervisemaja.ee\/fi\/wp-json\/wp\/v2\/media\/4603"}],"wp:attachment":[{"href":"https:\/\/tervisemaja.ee\/fi\/wp-json\/wp\/v2\/media?parent=3047"}],"curies":[{"name":"wp","href":"https:\/\/api.w.org\/{rel}","templated":true}]}}