{"id":3033,"date":"2018-03-29T14:40:25","date_gmt":"2018-03-29T11:40:25","guid":{"rendered":"https:\/\/tervisemaja.ee\/naistearst-dr-reet-laasiku-vastuvotud\/"},"modified":"2018-04-10T14:33:23","modified_gmt":"2018-04-10T11:33:23","slug":"naistentautien-erikoislaakari-reet-laasikin-vastaanotot","status":"publish","type":"page","link":"https:\/\/tervisemaja.ee\/fi\/klinikat-ja-palvelut\/naistentautien-erikoislaakari-reet-laasikin-vastaanotot\/","title":{"rendered":"NAISTENTAUTIEN ERIKOISL\u00c4\u00c4K\u00c4RI REET LAASIKIN VASTAANOTOT"},"content":{"rendered":"<p>Naistentautien erikoisl\u00e4\u00e4k\u00e4ri Reet Laasikilla on omalta erikoisalaltaan vankka ty\u00f6kokemus. Jo usean vuosikymmenen ajan h\u00e4n on pit\u00e4nyt vastaanottoja ja seurannut raskauksia avohoidossa sek\u00e4 toiminut synnytysl\u00e4\u00e4k\u00e4rin\u00e4 ja tehnyt gynekologisia toimenpiteit\u00e4 sairaalassa.<\/p>\n<p>Reet Laasik on erikoistunut ultra\u00e4\u00e4nidiagnostiikkaan, jota h\u00e4n tekee my\u00f6s kotik\u00e4ynneill\u00e4 naistentautien diagnosointia tai siki\u00f6n kohdunsis\u00e4isen kehityksen seurantaa varten.<\/p>\n<p><a href=\"http:\/\/www.svearosenthal.ee\/\"><span style=\"color: #0000ff;\">www.svearosenthal.ee<\/span><\/a><\/p>\n<p>+372 514 5963<br \/>\npak@rosenthalid.ee<br \/>\nKotka Tervisemajan A-osasto<br \/>\nI kerros<\/p>\n<p><strong>PALVELUT:<\/strong><\/p>\n<ul>\n<li>GYNEKOLOGINEN VASTAANOTTO, MUKAAN LUKIEN KOHDUNKAULAN\u00c4YTTEET (GYNEKOLOGINEN IRTOSOLUKOE ELI PAPA-KOE, SUKUPUOLITAUTIEN AIHEUTTAJAT)<\/li>\n<li>EM\u00c4TTIMEN ULTRA\u00c4\u00c4NITUTKIMUKSET GYNEKOLOGISTEN ONGELMIEN JA RASKAUDEN DIAGNOSOIMISEKSI VARHAISESSA VAIHEESSA<\/li>\n<li>EHK\u00c4ISYNEUVONTA, KOHDUNSIS\u00c4ISEN EHK\u00c4ISYV\u00c4LINEEN ASENTAMINEN<\/li>\n<li>ENSISIJAINEN LAPSETTOMUUSDIAGNOSTIIKKA JA -NEUVONTA<\/li>\n<li>NEUVONTA PERIMENOPAUSSIIN LIITTYVISS\u00c4 ONGELMISSA<\/li>\n<li>NEUVONTA VIRTSANKARKAILUONGELMISSA<\/li>\n<\/ul>\n","protected":false},"excerpt":{"rendered":"<p>Naistentautien erikoisl\u00e4\u00e4k\u00e4ri Reet Laasikilla on omalta erikoisalaltaan vankka ty\u00f6kokemus. Jo usean vuosikymmenen ajan h\u00e4n on pit\u00e4nyt vastaanottoja ja seurannut raskauksia&#8230;<\/p>\n","protected":false},"author":5,"featured_media":2904,"parent":3089,"menu_order":64,"comment_status":"closed","ping_status":"closed","template":"template-clinics.php","meta":{"_acf_changed":false,"footnotes":""},"class_list":["post-3033","page","type-page","status-publish","has-post-thumbnail","hentry"],"acf":[],"_links":{"self":[{"href":"https:\/\/tervisemaja.ee\/fi\/wp-json\/wp\/v2\/pages\/3033","targetHints":{"allow":["GET"]}}],"collection":[{"href":"https:\/\/tervisemaja.ee\/fi\/wp-json\/wp\/v2\/pages"}],"about":[{"href":"https:\/\/tervisemaja.ee\/fi\/wp-json\/wp\/v2\/types\/page"}],"author":[{"embeddable":true,"href":"https:\/\/tervisemaja.ee\/fi\/wp-json\/wp\/v2\/users\/5"}],"replies":[{"embeddable":true,"href":"https:\/\/tervisemaja.ee\/fi\/wp-json\/wp\/v2\/comments?post=3033"}],"version-history":[{"count":0,"href":"https:\/\/tervisemaja.ee\/fi\/wp-json\/wp\/v2\/pages\/3033\/revisions"}],"up":[{"embeddable":true,"href":"https:\/\/tervisemaja.ee\/fi\/wp-json\/wp\/v2\/pages\/3089"}],"wp:featuredmedia":[{"embeddable":true,"href":"https:\/\/tervisemaja.ee\/fi\/wp-json\/wp\/v2\/media\/2904"}],"wp:attachment":[{"href":"https:\/\/tervisemaja.ee\/fi\/wp-json\/wp\/v2\/media?parent=3033"}],"curies":[{"name":"wp","href":"https:\/\/api.w.org\/{rel}","templated":true}]}}