{"id":3030,"date":"2018-03-29T14:42:44","date_gmt":"2018-03-29T11:42:44","guid":{"rendered":"https:\/\/tervisemaja.ee\/marienthali-kliinik\/"},"modified":"2019-12-13T16:04:32","modified_gmt":"2019-12-13T13:04:32","slug":"marienthali-kliinik","status":"publish","type":"page","link":"https:\/\/tervisemaja.ee\/fi\/klinikat-ja-palvelut\/marienthali-kliinik\/","title":{"rendered":"MARIENTHALIN KLINIKKA"},"content":{"rendered":"<p>Ihminen on tyytyv\u00e4inen, kun h\u00e4nen arvonsa, tarpeensa ja toimensa ovat kesken\u00e4\u00e4n sopusoinnussa. Asiantuntijamme tekev\u00e4t parhaansa, jotta l\u00f6yt\u00e4isit tasapainon itsesi ja ymp\u00e4rist\u00f6si kanssa. Tiimiimme kuuluu psykiatreja (ml. lasten ja nuorten psykiatri), psykologeja (ml. lastenpsykologit), neuropsykologeja, psykoterapeutteja, mielenterveyshoitajia, puheterapeutti, fysioterapeutti, toimintaterapeutti, luovuusterapeutti ja sosiaality\u00f6ntekij\u00e4.<\/p>\n<p>Olet erityisen tervetullut, jos: haluat oppia tuntemaan itsesi paremmin ja kehitty\u00e4 henkisesti; tunnet, ett\u00e4 sinulla on emotionaalisia tai henkisi\u00e4 ongelmia (esim. huolehdit liikaa, tunnet helposti \u00e4rtymyst\u00e4, olet uupunut, tunnet liiallista vihaa, kateutta tai mustasukkaisuutta, koet surua, josta on vaikea p\u00e4\u00e4st\u00e4 yli omilla voimavaroilla, sinulla on paniikkikohtauksia, keskittymisvaikeuksia, muistih\u00e4iri\u00f6it\u00e4, koet jatkuvaa j\u00e4nnittyneisyytt\u00e4, mielialasi on laskenut, sinulla on motivaation puutetta, koet toivottomuutta tai voimattomuutta, ty\u00f6kykysi on alentunut, sinulla on unih\u00e4iri\u00f6it\u00e4, et pysty rentoutumaan, toiminnastasi puuttuu m\u00e4\u00e4r\u00e4tietoisuus, ajatusvirtasi on hallitsematon, koet hallusinaatioita, sinulla on pakkoajatuksia tai -toimintoja, sinulla on ep\u00e4m\u00e4\u00e4r\u00e4isi\u00e4 kipuja, joihin ei ole l\u00f6ydetty selityst\u00e4, koet ongelmia seksuaalisuutesi kanssa, tai sinulla on ruokahaluttomuutta tai sy\u00f6mish\u00e4iri\u00f6it\u00e4); ep\u00e4ilet, ett\u00e4 sinulla on jokin mielenterveysh\u00e4iri\u00f6; sinulla esiintyy fyysisi\u00e4 vaivoja, jotka tekev\u00e4t el\u00e4m\u00e4st\u00e4si vaikean; haluat saada arvion henkisest\u00e4 tilastasi.<\/p>\n<p><a href=\"https:\/\/marienthalikliinik.ee\/\"><span style=\"color: #0000ff;\">www.marienthalikliinik.ee<\/span><\/a><\/p>\n<p>+372 650 5036<br \/>\ninfo@marienthalikliinik.ee<br \/>\nKotka Tervisemajan C-osasto<br \/>\nIII kerros<\/p>\n<p><strong>PALVELUT:<\/strong><\/p>\n<ul>\n<li>PSYKIATRIN VASTAANOTTO<\/li>\n<li>MIELENTERVEYSHOITAJAN VASTAANOTTO<\/li>\n<li>PSYKOLOGIN VASTAANOTTO<\/li>\n<li>YKSIL\u00d6-, PARI-, PERHE- JA RYHM\u00c4PSYKOTERAPIA<\/li>\n<li>LUOVUUSTERAPIA<\/li>\n<li>TOIMINTATERAPIA<\/li>\n<li>MIELENTERVEYSH\u00c4IRI\u00d6IDEN DIAGNOSOINTI<\/li>\n<li>PSYKOLOGISET JA NEUROPSYKOLOGISET TUTKIMUKSET<\/li>\n<li>KUNTOUTTAVA NEUROPSYKOLOGIA AIVOINFARKTIN TAI -VAMMAN J\u00c4LKEEN SEK\u00c4 NEURODEGENERATIIVISISSA SAIRAUKSISSA<\/li>\n<li>MIELENTERVEYSOMAISTEN NEUVONTA<\/li>\n<li>PUHETERAPEUTIN JA ERITYISOPETTAJAN PALVELUT<\/li>\n<li>FYSIOTERAPEUTIN PALVELU, SUOLAS\u00c4NKY, SWIMITATION-AMME<\/li>\n<li>KONSULTAATIO TODISTUKSIA VARTEN (ASEEN HALLUSSAPITOLUPA, ADOPTIO, ASEVELVOLLISUUSKELPOISUUDEN ARVIOINTI JNE.)<\/li>\n<li>SOSIAALITY\u00d6NTEKIJ\u00c4N KONSULTAATIO<\/li>\n<\/ul>\n","protected":false},"excerpt":{"rendered":"<p>Ihminen on tyytyv\u00e4inen, kun h\u00e4nen arvonsa, tarpeensa ja toimensa ovat kesken\u00e4\u00e4n sopusoinnussa. Asiantuntijamme tekev\u00e4t parhaansa, jotta l\u00f6yt\u00e4isit tasapainon itsesi ja&#8230;<\/p>\n","protected":false},"author":5,"featured_media":2907,"parent":3089,"menu_order":71,"comment_status":"closed","ping_status":"closed","template":"template-clinics.php","meta":{"_acf_changed":false,"footnotes":""},"class_list":["post-3030","page","type-page","status-publish","has-post-thumbnail","hentry"],"acf":[],"_links":{"self":[{"href":"https:\/\/tervisemaja.ee\/fi\/wp-json\/wp\/v2\/pages\/3030","targetHints":{"allow":["GET"]}}],"collection":[{"href":"https:\/\/tervisemaja.ee\/fi\/wp-json\/wp\/v2\/pages"}],"about":[{"href":"https:\/\/tervisemaja.ee\/fi\/wp-json\/wp\/v2\/types\/page"}],"author":[{"embeddable":true,"href":"https:\/\/tervisemaja.ee\/fi\/wp-json\/wp\/v2\/users\/5"}],"replies":[{"embeddable":true,"href":"https:\/\/tervisemaja.ee\/fi\/wp-json\/wp\/v2\/comments?post=3030"}],"version-history":[{"count":0,"href":"https:\/\/tervisemaja.ee\/fi\/wp-json\/wp\/v2\/pages\/3030\/revisions"}],"up":[{"embeddable":true,"href":"https:\/\/tervisemaja.ee\/fi\/wp-json\/wp\/v2\/pages\/3089"}],"wp:featuredmedia":[{"embeddable":true,"href":"https:\/\/tervisemaja.ee\/fi\/wp-json\/wp\/v2\/media\/2907"}],"wp:attachment":[{"href":"https:\/\/tervisemaja.ee\/fi\/wp-json\/wp\/v2\/media?parent=3030"}],"curies":[{"name":"wp","href":"https:\/\/api.w.org\/{rel}","templated":true}]}}