{"id":3019,"date":"2018-03-29T14:47:40","date_gmt":"2018-03-29T11:47:40","guid":{"rendered":"https:\/\/tervisemaja.ee\/kotka-silmakabinet\/"},"modified":"2019-12-13T15:19:24","modified_gmt":"2019-12-13T12:19:24","slug":"kotka-silmakabinet","status":"publish","type":"page","link":"https:\/\/tervisemaja.ee\/fi\/klinikat-ja-palvelut\/kotka-silmakabinet\/","title":{"rendered":"KOTKA SILM\u00c4L\u00c4\u00c4K\u00c4RI"},"content":{"rendered":"<p>Kaikissa n\u00e4\u00f6nhuoltoon liittyviss\u00e4 ongelmissa voit turvallisin ja luottavaisin mielin k\u00e4\u00e4nty\u00e4 silm\u00e4l\u00e4\u00e4k\u00e4ri Jaan Reimandin puoleen. Silm\u00e4l\u00e4\u00e4k\u00e4rill\u00e4 on k\u00e4ytett\u00e4viss\u00e4\u00e4n kaikki n\u00e4\u00f6nhuoltoon tarvittavat perusv\u00e4lineet. Diagnostisten v\u00e4lineiden avulla l\u00e4\u00e4k\u00e4ri voi tutkia n\u00e4\u00f6n, mitata silm\u00e4npaineen, kuvata silm\u00e4npohjan sek\u00e4 tutkia sarveiskalvon ja silm\u00e4n muiden uloimpien osien rakenteen yksityiskohtaisesti. Tiedontallennusj\u00e4rjestelm\u00e4mme avulla muutokset n\u00e4k\u00f6kyvyss\u00e4 voidaan havaita tarkasti.<\/p>\n<p><a href=\"http:\/\/www.silmakabinet.eu\/\"><span style=\"color: #0000ff;\">www.silmakabinet.eu<\/span><\/a><\/p>\n<p>+372 5018 969<br \/>\nkotka@silmakabinet.eu<br \/>\nKotka Tervisemajan C-osasto<br \/>\nII kerros<\/p>\n<p><strong>PALVELUT:<\/strong><\/p>\n<ul>\n<li>SILM\u00c4L\u00c4\u00c4K\u00c4RIN KONSULTAATIO<\/li>\n<li>N\u00c4\u00d6NTARKASTUS PUPILLIA LAAJENTAVIEN TIPPOJEN AVULLA<\/li>\n<li>SILM\u00c4NPOHJATUTKIMUS PUPILLIA LAAJENTAVIEN TIPPOJEN AVULLA<\/li>\n<li>GOLDMANNIN TONOMETRIA SILM\u00c4NPAINEEN SEURANTAAN<\/li>\n<li>PENTACAM-TUTKIMUS<\/li>\n<li>SILM\u00c4LASIM\u00c4\u00c4R\u00c4YS ENINT\u00c4\u00c4N 12-VUOTIAILLE LAPSILLE<\/li>\n<\/ul>\n","protected":false},"excerpt":{"rendered":"<p>Kaikissa n\u00e4\u00f6nhuoltoon liittyviss\u00e4 ongelmissa voit turvallisin ja luottavaisin mielin k\u00e4\u00e4nty\u00e4 silm\u00e4l\u00e4\u00e4k\u00e4ri Jaan Reimandin puoleen. Silm\u00e4l\u00e4\u00e4k\u00e4rill\u00e4 on k\u00e4ytett\u00e4viss\u00e4\u00e4n kaikki n\u00e4\u00f6nhuoltoon tarvittavat&#8230;<\/p>\n","protected":false},"author":5,"featured_media":2916,"parent":3089,"menu_order":53,"comment_status":"closed","ping_status":"closed","template":"template-clinics.php","meta":{"_acf_changed":false,"footnotes":""},"class_list":["post-3019","page","type-page","status-publish","has-post-thumbnail","hentry"],"acf":[],"_links":{"self":[{"href":"https:\/\/tervisemaja.ee\/fi\/wp-json\/wp\/v2\/pages\/3019","targetHints":{"allow":["GET"]}}],"collection":[{"href":"https:\/\/tervisemaja.ee\/fi\/wp-json\/wp\/v2\/pages"}],"about":[{"href":"https:\/\/tervisemaja.ee\/fi\/wp-json\/wp\/v2\/types\/page"}],"author":[{"embeddable":true,"href":"https:\/\/tervisemaja.ee\/fi\/wp-json\/wp\/v2\/users\/5"}],"replies":[{"embeddable":true,"href":"https:\/\/tervisemaja.ee\/fi\/wp-json\/wp\/v2\/comments?post=3019"}],"version-history":[{"count":0,"href":"https:\/\/tervisemaja.ee\/fi\/wp-json\/wp\/v2\/pages\/3019\/revisions"}],"up":[{"embeddable":true,"href":"https:\/\/tervisemaja.ee\/fi\/wp-json\/wp\/v2\/pages\/3089"}],"wp:featuredmedia":[{"embeddable":true,"href":"https:\/\/tervisemaja.ee\/fi\/wp-json\/wp\/v2\/media\/2916"}],"wp:attachment":[{"href":"https:\/\/tervisemaja.ee\/fi\/wp-json\/wp\/v2\/media?parent=3019"}],"curies":[{"name":"wp","href":"https:\/\/api.w.org\/{rel}","templated":true}]}}