{"id":3012,"date":"2018-03-29T14:49:26","date_gmt":"2018-03-29T11:49:26","guid":{"rendered":"https:\/\/tervisemaja.ee\/astra-team-clinic\/"},"modified":"2019-12-13T16:03:50","modified_gmt":"2019-12-13T13:03:50","slug":"astra-kliinik","status":"publish","type":"page","link":"https:\/\/tervisemaja.ee\/fi\/klinikat-ja-palvelut\/astra-kliinik\/","title":{"rendered":"ASTRA KLINIKKA"},"content":{"rendered":"<p>Neurologit Katrin Gross-Paju ja Ulvi Thomson, fysioterapeutti Kadri Taalfeld, kliininen neuropsykologi Kairi Alas sek\u00e4 virtsarakon h\u00e4iri\u00f6ihin erikoistunut sairaanhoitaja Inga Zopp muodostavat yst\u00e4v\u00e4llisen ja kokeneen ty\u00f6ryhm\u00e4n, joka ottaa vastaan sek\u00e4 sairaita ett\u00e4 heid\u00e4n omaisiaan seuraavilla aloilla:<\/p>\n<ul>\n<li>MS-tauti (multippeliskleroosi)<\/li>\n<li>Muistih\u00e4iri\u00f6t<\/li>\n<li>Virtsarakon h\u00e4iri\u00f6t<\/li>\n<li>Huimaus ja tasapainoh\u00e4iri\u00f6t<\/li>\n<li>P\u00e4\u00e4- ja selk\u00e4kivut<\/li>\n<\/ul>\n<p>Astra Kliinikin tavoitteena on tarjota erilaisista neurologisista sairauksista k\u00e4rsiville ammattitaitoisia palveluja yhteisty\u00f6ss\u00e4 eri asiantuntijoiden kesken. Asiantuntijatiimin yhteisty\u00f6 on innovatiivinen, n\u00e4ytt\u00f6\u00f6n perustuva ja monipuolinen hoitomuoto, joka takaa nopeimmin parhaan mahdollisen hoitotuloksen.<\/p>\n<p><a href=\"http:\/\/www.astrakliinik.ee\/\"><span style=\"color: #0000ff;\">www.astrakliinik.ee<\/span><\/a><\/p>\n<p>+372 583 393 10<br \/>\ntere@astrakliinik.ee<br \/>\nKotka Tervisemajan C-osasto<br \/>\nII kerros<\/p>\n<p><strong>PALVELUT:<\/strong><\/p>\n<ul>\n<li>NEUROLOGI KATRIN GROSS-PAJUN VASTAANOTTO<\/li>\n<li>NEUROLOGI ULVI THOMSONIN VASTAANOTTO<\/li>\n<li>FYSIOTERAPEUTIN VASTAANOTTO<\/li>\n<li>VIRTSAH\u00c4IRI\u00d6IDEN ASIANTUNTIJAN VASTAANOTTO<\/li>\n<li>NEUROPSYKOLOGIN VASTAANOTTO<\/li>\n<li>GENEETIKON VASTAANOTTO<\/li>\n<li>LASTEN NEUROLOGINEN FYSIOTERAPIA<\/li>\n<\/ul>\n","protected":false},"excerpt":{"rendered":"<p>Neurologit Katrin Gross-Paju ja Ulvi Thomson, fysioterapeutti Kadri Taalfeld, kliininen neuropsykologi Kairi Alas sek\u00e4 virtsarakon h\u00e4iri\u00f6ihin erikoistunut sairaanhoitaja Inga Zopp&#8230;<\/p>\n","protected":false},"author":5,"featured_media":4244,"parent":3089,"menu_order":25,"comment_status":"closed","ping_status":"closed","template":"template-clinics.php","meta":{"_acf_changed":false,"footnotes":""},"class_list":["post-3012","page","type-page","status-publish","has-post-thumbnail","hentry"],"acf":[],"_links":{"self":[{"href":"https:\/\/tervisemaja.ee\/fi\/wp-json\/wp\/v2\/pages\/3012","targetHints":{"allow":["GET"]}}],"collection":[{"href":"https:\/\/tervisemaja.ee\/fi\/wp-json\/wp\/v2\/pages"}],"about":[{"href":"https:\/\/tervisemaja.ee\/fi\/wp-json\/wp\/v2\/types\/page"}],"author":[{"embeddable":true,"href":"https:\/\/tervisemaja.ee\/fi\/wp-json\/wp\/v2\/users\/5"}],"replies":[{"embeddable":true,"href":"https:\/\/tervisemaja.ee\/fi\/wp-json\/wp\/v2\/comments?post=3012"}],"version-history":[{"count":0,"href":"https:\/\/tervisemaja.ee\/fi\/wp-json\/wp\/v2\/pages\/3012\/revisions"}],"up":[{"embeddable":true,"href":"https:\/\/tervisemaja.ee\/fi\/wp-json\/wp\/v2\/pages\/3089"}],"wp:featuredmedia":[{"embeddable":true,"href":"https:\/\/tervisemaja.ee\/fi\/wp-json\/wp\/v2\/media\/4244"}],"wp:attachment":[{"href":"https:\/\/tervisemaja.ee\/fi\/wp-json\/wp\/v2\/media?parent=3012"}],"curies":[{"name":"wp","href":"https:\/\/api.w.org\/{rel}","templated":true}]}}