{"id":3009,"date":"2018-03-29T14:51:01","date_gmt":"2018-03-29T11:51:01","guid":{"rendered":"https:\/\/tervisemaja.ee\/audiomed-kuulmiskeskus\/"},"modified":"2019-12-13T14:47:53","modified_gmt":"2019-12-13T11:47:53","slug":"audiomed-kuulmiskeskus","status":"publish","type":"page","link":"https:\/\/tervisemaja.ee\/fi\/klinikat-ja-palvelut\/audiomed-kuulmiskeskus\/","title":{"rendered":"AUDIOMED KUULOKESKUS"},"content":{"rendered":"<p>Audiomed-kuulokeskus on omistautunut kuulo-ongelmista k\u00e4rsivien auttamiseen. Asiakkainamme on sek\u00e4 lapsia ett\u00e4 aikuisia. Tarjoamme kokonaisvaltaista palvelua, konsultoinnista ja tutkimuksista jokaiselle asiakkaalle sopivan ratkaisun l\u00f6yt\u00e4miseen. Jo 1990-luvulta l\u00e4htien olemme v\u00e4litt\u00e4neet laadukkaita Siemens-kuulolaitteita (nykyisin Signia) ja toimineet Sivantos GmbH:n (entinen Siemens Audiologische Technik) virallisena edustajana Virossa.<\/p>\n<p>Meilt\u00e4 l\u00f6ytyy sopiva ratkaisu my\u00f6s vaativalle asiakkaalle, jolle on elint\u00e4rke\u00e4\u00e4 ottaa aktiivisesti osaa \u00e4\u00e4nimaailmaan. Audiomed-kuulokeskus on Viron sosiaalivakuutusviraston yhteisty\u00f6kumppani, joten tarjoamiimme kuulolaitteisiin saa valtion korvausta. Teemme yhteisty\u00f6t\u00e4 my\u00f6s rahoitusyhti\u00f6 Medicreditin kanssa, jolta potilaamme saavat tarvittaessa lainaa terveydenhoitopalvelujen ja kuulolaitteiden hankintaa varten.<\/p>\n<p><a href=\"https:\/\/kuulmiseni.ee\/\"><span style=\"color: #0000ff;\">www.kuulmiseni.ee<\/span><\/a><\/p>\n<p>+372 533 11 099<br \/>\nparema@kuulmiseni.ee<br \/>\nKotka Tervisemajan C-osasto<br \/>\nII kerros<\/p>\n<p><strong>PALVELUT:<\/strong><\/p>\n<ul>\n<li>KUULONTUTKIMUKSET<\/li>\n<li>KUULOLAITTEIDEN OHJELMOINTI JA S\u00c4\u00c4T\u00d6<\/li>\n<li>TINNITUSHOITO KUULOLAITTEIDEN AVULLA<\/li>\n<li>KUULONEUVONTA<\/li>\n<li>DEMOLAITTEIDEN VUOKRAUS<\/li>\n<li>YKSIL\u00d6LLISTEN KORVAKAPPALEIDEN VALMISTUS<\/li>\n<li>KORVA-, NEN\u00c4- JA KURKKUL\u00c4\u00c4K\u00c4RIN VASTAANOTTO<\/li>\n<\/ul>\n","protected":false},"excerpt":{"rendered":"<p>Audiomed-kuulokeskus on omistautunut kuulo-ongelmista k\u00e4rsivien auttamiseen. Asiakkainamme on sek\u00e4 lapsia ett\u00e4 aikuisia. Tarjoamme kokonaisvaltaista palvelua, konsultoinnista ja tutkimuksista jokaiselle asiakkaalle&#8230;<\/p>\n","protected":false},"author":5,"featured_media":2922,"parent":3089,"menu_order":30,"comment_status":"closed","ping_status":"closed","template":"template-clinics.php","meta":{"_acf_changed":false,"footnotes":""},"class_list":["post-3009","page","type-page","status-publish","has-post-thumbnail","hentry"],"acf":[],"_links":{"self":[{"href":"https:\/\/tervisemaja.ee\/fi\/wp-json\/wp\/v2\/pages\/3009","targetHints":{"allow":["GET"]}}],"collection":[{"href":"https:\/\/tervisemaja.ee\/fi\/wp-json\/wp\/v2\/pages"}],"about":[{"href":"https:\/\/tervisemaja.ee\/fi\/wp-json\/wp\/v2\/types\/page"}],"author":[{"embeddable":true,"href":"https:\/\/tervisemaja.ee\/fi\/wp-json\/wp\/v2\/users\/5"}],"replies":[{"embeddable":true,"href":"https:\/\/tervisemaja.ee\/fi\/wp-json\/wp\/v2\/comments?post=3009"}],"version-history":[{"count":0,"href":"https:\/\/tervisemaja.ee\/fi\/wp-json\/wp\/v2\/pages\/3009\/revisions"}],"up":[{"embeddable":true,"href":"https:\/\/tervisemaja.ee\/fi\/wp-json\/wp\/v2\/pages\/3089"}],"wp:featuredmedia":[{"embeddable":true,"href":"https:\/\/tervisemaja.ee\/fi\/wp-json\/wp\/v2\/media\/2922"}],"wp:attachment":[{"href":"https:\/\/tervisemaja.ee\/fi\/wp-json\/wp\/v2\/media?parent=3009"}],"curies":[{"name":"wp","href":"https:\/\/api.w.org\/{rel}","templated":true}]}}