{"id":3001,"date":"2018-03-29T14:53:36","date_gmt":"2018-03-29T11:53:36","guid":{"rendered":"https:\/\/tervisemaja.ee\/lens-optika\/"},"modified":"2019-12-13T15:28:07","modified_gmt":"2019-12-13T12:28:07","slug":"lens-optika","status":"publish","type":"page","link":"https:\/\/tervisemaja.ee\/fi\/klinikat-ja-palvelut\/lens-optika\/","title":{"rendered":"LENS OPTIKA SILM\u00c4LASIKAUPPA"},"content":{"rendered":"<p>Meist\u00e4 jokainen on ainutlaatuinen, meill\u00e4 on erilaisia toiveita ja tarpeita. Pyrimme yhdess\u00e4 l\u00f6yt\u00e4m\u00e4\u00e4n juuri sinulle sopivat ja odotuksiasi vastaavat silm\u00e4lasit tai piilolinssit. N\u00e4\u00f6ntarkastuksen yhteydess\u00e4 optometristi voi m\u00e4\u00e4ritt\u00e4\u00e4 silm\u00e4laseille erilaisia ominaisuuksia ja suositella juuri sinulle parhaita ratkaisuja.<\/p>\n<p>Yrityksemme on kasvanut aikoinaan toimineesta Tallinnan piilolinssien laboratoriosta. Sen perint\u00f6\u00f6n nojaten ja edelleen jatkuvasti kehittyen voimme tarjota piilolinssien k\u00e4ytt\u00e4jille tavallista enemm\u00e4n yksil\u00f6llisi\u00e4 ratkaisuja: toorisia ja multifokaalisia piilolinssej\u00e4 sek\u00e4 kaarevuudeltaan, halkaisijaltaan ja k\u00e4ytt\u00f6ajaltaan erilaisia piilolinssej\u00e4.<\/p>\n<p><a href=\"https:\/\/lensoptika.ee\/\"><span style=\"color: #0000ff;\">www.lensoptika.ee<\/span><\/a><\/p>\n<p>+372 5850 9303<br \/>\nkotka@lensoptika.ee<br \/>\nKotka Tervisemajan C-osasto<br \/>\nI kerros<\/p>\n<p><strong>PALVELUT:<\/strong><\/p>\n<ul>\n<li>OPTOMETRISTIN VASTAANOTTO<\/li>\n<li>SILM\u00c4LASIEN KEHYKSET JA LINSSIT<\/li>\n<li>SILM\u00c4LASIEN VALMISTUS<\/li>\n<li>PIILOLINSSIT<\/li>\n<li>PIILOLINSSIEN HOITOTUOTTEET<\/li>\n<\/ul>\n","protected":false},"excerpt":{"rendered":"<p>Meist\u00e4 jokainen on ainutlaatuinen, meill\u00e4 on erilaisia toiveita ja tarpeita. Pyrimme yhdess\u00e4 l\u00f6yt\u00e4m\u00e4\u00e4n juuri sinulle sopivat ja odotuksiasi vastaavat silm\u00e4lasit&#8230;<\/p>\n","protected":false},"author":5,"featured_media":2928,"parent":3089,"menu_order":61,"comment_status":"closed","ping_status":"closed","template":"template-clinics.php","meta":{"_acf_changed":false,"footnotes":""},"class_list":["post-3001","page","type-page","status-publish","has-post-thumbnail","hentry"],"acf":[],"_links":{"self":[{"href":"https:\/\/tervisemaja.ee\/fi\/wp-json\/wp\/v2\/pages\/3001","targetHints":{"allow":["GET"]}}],"collection":[{"href":"https:\/\/tervisemaja.ee\/fi\/wp-json\/wp\/v2\/pages"}],"about":[{"href":"https:\/\/tervisemaja.ee\/fi\/wp-json\/wp\/v2\/types\/page"}],"author":[{"embeddable":true,"href":"https:\/\/tervisemaja.ee\/fi\/wp-json\/wp\/v2\/users\/5"}],"replies":[{"embeddable":true,"href":"https:\/\/tervisemaja.ee\/fi\/wp-json\/wp\/v2\/comments?post=3001"}],"version-history":[{"count":0,"href":"https:\/\/tervisemaja.ee\/fi\/wp-json\/wp\/v2\/pages\/3001\/revisions"}],"up":[{"embeddable":true,"href":"https:\/\/tervisemaja.ee\/fi\/wp-json\/wp\/v2\/pages\/3089"}],"wp:featuredmedia":[{"embeddable":true,"href":"https:\/\/tervisemaja.ee\/fi\/wp-json\/wp\/v2\/media\/2928"}],"wp:attachment":[{"href":"https:\/\/tervisemaja.ee\/fi\/wp-json\/wp\/v2\/media?parent=3001"}],"curies":[{"name":"wp","href":"https:\/\/api.w.org\/{rel}","templated":true}]}}