{"id":2998,"date":"2018-03-29T14:55:05","date_gmt":"2018-03-29T11:55:05","guid":{"rendered":"https:\/\/tervisemaja.ee\/benu-apteek\/"},"modified":"2019-12-13T16:03:30","modified_gmt":"2019-12-13T13:03:30","slug":"benu-apteek","status":"publish","type":"page","link":"https:\/\/tervisemaja.ee\/fi\/klinikat-ja-palvelut\/benu-apteek\/","title":{"rendered":"BENU APTEEKKI"},"content":{"rendered":"<p>BENU Apteek on tavaramerkki, joka toimii yhdeks\u00e4ss\u00e4 Euroopan valtiossa. Se tarjoaa potilaille kattavia apteekkipalveluja ja laajan valikoiman terveystuotteita yhteens\u00e4 l\u00e4hes 800 apteekissa. Virossa toimii yhteens\u00e4 yli 160 BENU-apteekkia, joiden yli 400 proviisoria ja farmaseuttia palvelee virolaisia ensisijaisina terveydenhoitajina p\u00e4ivitt\u00e4isten terveysongelmien ratkaisemisessa. BENU Apteek on viime vuosina laajentanut palveluvalikoimaansa merkitt\u00e4v\u00e4sti, ja sen tavoitteena on lis\u00e4t\u00e4 terveystietoisuutta yhteiskunnassa sek\u00e4 parantaa el\u00e4m\u00e4nlaatua. BENU Apteek ja koko apteekkihenkil\u00f6kunta toimii p\u00e4ivitt\u00e4isess\u00e4 ty\u00f6ss\u00e4\u00e4n tunnuslauseenaan \u201cHuolehdimme terveydest\u00e4si!\u201d.<\/p>\n<p><a href=\"http:\/\/www.benu.ee\/\"><span style=\"color: #0000ff;\">www.benu.ee<\/span><\/a><\/p>\n<p>+372 600 3666<br \/>\nbenu.5141@benu.ee<br \/>\nKotka Tervisemajan A-osasto<br \/>\nI kerros<\/p>\n<p><strong>PALVELUT JA TUOTTEET:<\/strong><\/p>\n<ul>\n<li>L\u00c4\u00c4KKEIDEN TOIMITTAMINEN, L\u00c4\u00c4KEINFO<\/li>\n<li>APTEEKIN TERVEYSNEUVONTA<\/li>\n<li>IHOTYYPIN M\u00c4\u00c4RITYS (PALVELU AIKATAULUN MUKAAN)<\/li>\n<li>IHONHOITO- JA SUUHYGIENIATUOTTEET<\/li>\n<li>HAAVAN- JA ARVENHOITOTUOTTEET<\/li>\n<li>INKONTINENSSITUOTTEET (SITEET, VAIPAT, LAKANAT JNE.)<\/li>\n<\/ul>\n","protected":false},"excerpt":{"rendered":"<p>BENU Apteek on tavaramerkki, joka toimii yhdeks\u00e4ss\u00e4 Euroopan valtiossa. Se tarjoaa potilaille kattavia apteekkipalveluja ja laajan valikoiman terveystuotteita yhteens\u00e4 l\u00e4hes&#8230;<\/p>\n","protected":false},"author":5,"featured_media":2931,"parent":3089,"menu_order":20,"comment_status":"closed","ping_status":"closed","template":"template-clinics.php","meta":{"_acf_changed":false,"footnotes":""},"class_list":["post-2998","page","type-page","status-publish","has-post-thumbnail","hentry"],"acf":[],"_links":{"self":[{"href":"https:\/\/tervisemaja.ee\/fi\/wp-json\/wp\/v2\/pages\/2998","targetHints":{"allow":["GET"]}}],"collection":[{"href":"https:\/\/tervisemaja.ee\/fi\/wp-json\/wp\/v2\/pages"}],"about":[{"href":"https:\/\/tervisemaja.ee\/fi\/wp-json\/wp\/v2\/types\/page"}],"author":[{"embeddable":true,"href":"https:\/\/tervisemaja.ee\/fi\/wp-json\/wp\/v2\/users\/5"}],"replies":[{"embeddable":true,"href":"https:\/\/tervisemaja.ee\/fi\/wp-json\/wp\/v2\/comments?post=2998"}],"version-history":[{"count":0,"href":"https:\/\/tervisemaja.ee\/fi\/wp-json\/wp\/v2\/pages\/2998\/revisions"}],"up":[{"embeddable":true,"href":"https:\/\/tervisemaja.ee\/fi\/wp-json\/wp\/v2\/pages\/3089"}],"wp:featuredmedia":[{"embeddable":true,"href":"https:\/\/tervisemaja.ee\/fi\/wp-json\/wp\/v2\/media\/2931"}],"wp:attachment":[{"href":"https:\/\/tervisemaja.ee\/fi\/wp-json\/wp\/v2\/media?parent=2998"}],"curies":[{"name":"wp","href":"https:\/\/api.w.org\/{rel}","templated":true}]}}