{"id":2988,"date":"2018-03-29T14:57:31","date_gmt":"2018-03-29T11:57:31","guid":{"rendered":"https:\/\/tervisemaja.ee\/kohvik-viktus\/"},"modified":"2018-10-18T15:25:26","modified_gmt":"2018-10-18T12:25:26","slug":"kahvila-viktus","status":"publish","type":"page","link":"https:\/\/tervisemaja.ee\/fi\/klinikat-ja-palvelut\/kahvila-viktus\/","title":{"rendered":"KAHVILA VIKTUS"},"content":{"rendered":"<p>Ravinto vie n\u00e4l\u00e4n ja juoma sammuttaa janon! Viktus on t\u00e4ysi- ja tasapainoista ravintoa tarjoava kahvila. Arvostamme laadukkaita, tuoreita ja kauden mukaisia raaka-aineita sek\u00e4 intohimoista ruoanlaittoa. Pyrimme tarjoamaan terveellisi\u00e4 makuel\u00e4myksi\u00e4, joista l\u00f6ytyisi jotakin jokaisen asiakkaan tarpeisiin ja toiveisiin.<\/p>\n<p><a href=\"http:\/\/www.viktus.ee\/\"><span style=\"color: #0000ff;\">www.viktus.ee<\/span><\/a><\/p>\n<p>+372 5328 5301<br \/>\nviktus@viktus.ee<br \/>\nKotka Tervisemajan A-osasto<br \/>\nI kerros<\/p>\n","protected":false},"excerpt":{"rendered":"<p>Ravinto vie n\u00e4l\u00e4n ja juoma sammuttaa janon! Viktus on t\u00e4ysi- ja tasapainoista ravintoa tarjoava kahvila. Arvostamme laadukkaita, tuoreita ja kauden&#8230;<\/p>\n","protected":false},"author":5,"featured_media":2937,"parent":3089,"menu_order":44,"comment_status":"closed","ping_status":"closed","template":"template-clinics.php","meta":{"_acf_changed":false,"footnotes":""},"class_list":["post-2988","page","type-page","status-publish","has-post-thumbnail","hentry"],"acf":[],"_links":{"self":[{"href":"https:\/\/tervisemaja.ee\/fi\/wp-json\/wp\/v2\/pages\/2988","targetHints":{"allow":["GET"]}}],"collection":[{"href":"https:\/\/tervisemaja.ee\/fi\/wp-json\/wp\/v2\/pages"}],"about":[{"href":"https:\/\/tervisemaja.ee\/fi\/wp-json\/wp\/v2\/types\/page"}],"author":[{"embeddable":true,"href":"https:\/\/tervisemaja.ee\/fi\/wp-json\/wp\/v2\/users\/5"}],"replies":[{"embeddable":true,"href":"https:\/\/tervisemaja.ee\/fi\/wp-json\/wp\/v2\/comments?post=2988"}],"version-history":[{"count":0,"href":"https:\/\/tervisemaja.ee\/fi\/wp-json\/wp\/v2\/pages\/2988\/revisions"}],"up":[{"embeddable":true,"href":"https:\/\/tervisemaja.ee\/fi\/wp-json\/wp\/v2\/pages\/3089"}],"wp:featuredmedia":[{"embeddable":true,"href":"https:\/\/tervisemaja.ee\/fi\/wp-json\/wp\/v2\/media\/2937"}],"wp:attachment":[{"href":"https:\/\/tervisemaja.ee\/fi\/wp-json\/wp\/v2\/media?parent=2988"}],"curies":[{"name":"wp","href":"https:\/\/api.w.org\/{rel}","templated":true}]}}